{"id":96,"date":"2023-04-08T05:49:09","date_gmt":"2023-04-08T05:49:09","guid":{"rendered":"http:\/\/shinyhandles.com\/?page_id=96"},"modified":"2023-08-04T03:01:06","modified_gmt":"2023-08-04T03:01:06","slug":"news","status":"publish","type":"page","link":"https:\/\/shinyhandles.com\/de\/nachricht\/","title":{"rendered":"Nachricht"},"content":{"rendered":"<div data-elementor-type=\"wp-page\" data-elementor-id=\"96\" class=\"elementor elementor-96\" data-elementor-post-type=\"page\">\n\t\t\t\t\t\t<section class=\"elementor-section elementor-top-section elementor-element elementor-element-2b203073 elementor-section-boxed elementor-section-height-default elementor-section-height-default\" data-id=\"2b203073\" data-element_type=\"section\">\n\t\t\t\t\t\t<div class=\"elementor-container elementor-column-gap-default\">\n\t\t\t\t\t<div class=\"elementor-column elementor-col-66 elementor-top-column elementor-element elementor-element-53ef83fc\" data-id=\"53ef83fc\" data-element_type=\"column\">\n\t\t\t<div class=\"elementor-widget-wrap elementor-element-populated\">\n\t\t\t\t\t\t<section class=\"elementor-section elementor-inner-section elementor-element elementor-element-1cfae46a elementor-section-boxed elementor-section-height-default elementor-section-height-default\" data-id=\"1cfae46a\" data-element_type=\"section\">\n\t\t\t\t\t\t<div class=\"elementor-container elementor-column-gap-default\">\n\t\t\t\t\t<div class=\"elementor-column elementor-col-100 elementor-inner-column elementor-element elementor-element-3b75961b\" data-id=\"3b75961b\" data-element_type=\"column\">\n\t\t\t<div class=\"elementor-widget-wrap elementor-element-populated\">\n\t\t\t\t\t\t<div class=\"elementor-element elementor-element-61f42a8 elementor-grid-1 elementor-grid-tablet-2 elementor-grid-mobile-1 elementor-posts--thumbnail-top elementor-widget elementor-widget-posts\" data-id=\"61f42a8\" data-element_type=\"widget\" data-settings=\"{&quot;classic_columns&quot;:&quot;1&quot;,&quot;classic_columns_tablet&quot;:&quot;2&quot;,&quot;classic_columns_mobile&quot;:&quot;1&quot;,&quot;classic_row_gap&quot;:{&quot;unit&quot;:&quot;px&quot;,&quot;size&quot;:35,&quot;sizes&quot;:[]},&quot;classic_row_gap_tablet&quot;:{&quot;unit&quot;:&quot;px&quot;,&quot;size&quot;:&quot;&quot;,&quot;sizes&quot;:[]},&quot;classic_row_gap_mobile&quot;:{&quot;unit&quot;:&quot;px&quot;,&quot;size&quot;:&quot;&quot;,&quot;sizes&quot;:[]}}\" data-widget_type=\"posts.classic\">\n\t\t\t\t<div class=\"elementor-widget-container\">\n\t\t\t<link rel=\"stylesheet\" href=\"https:\/\/shinyhandles.com\/wp-content\/plugins\/elementor-pro\/assets\/css\/widget-posts.min.css\">\t\t<div class=\"elementor-posts-container elementor-posts elementor-posts--skin-classic elementor-grid\">\n\t\t\t\t<article class=\"elementor-post elementor-grid-item post-386 post type-post status-publish format-standard has-post-thumbnail hentry category-news\">\n\t\t\t\t<a class=\"elementor-post__thumbnail__link\" href=\"https:\/\/shinyhandles.com\/de\/wie-wir-die-preise-optimieren-und-eine-gute-qualitat-erzielen\/\" tabindex=\"-1\" >\n\t\t\t<div class=\"elementor-post__thumbnail\"><img loading=\"lazy\" decoding=\"async\" width=\"800\" height=\"500\" src=\"https:\/\/shinyhandles.com\/wp-content\/uploads\/2023\/04\/shinyhandles-factory-0.jpg\" class=\"attachment-full size-full wp-image-263\" alt=\"\" title=\"\" srcset=\"https:\/\/shinyhandles.com\/wp-content\/uploads\/2023\/04\/shinyhandles-factory-0.jpg 800w, https:\/\/shinyhandles.com\/wp-content\/uploads\/2023\/04\/shinyhandles-factory-0-300x188.jpg 300w, https:\/\/shinyhandles.com\/wp-content\/uploads\/2023\/04\/shinyhandles-factory-0-768x480.jpg 768w\" sizes=\"auto, (max-width: 800px) 100vw, 800px\" \/><\/div>\n\t\t<\/a>\n\t\t\t\t<div class=\"elementor-post__text\">\n\t\t\t\t<h3 class=\"elementor-post__title\">\n\t\t\t<a href=\"https:\/\/shinyhandles.com\/de\/wie-wir-die-preise-optimieren-und-eine-gute-qualitat-erzielen\/\" >\n\t\t\t\tWie wir die Preise optimieren und eine gute Qualit\u00e4t erreichen\t\t\t<\/a>\n\t\t<\/h3>\n\t\t\t\t<div class=\"elementor-post__meta-data\">\n\t\t\t\t\t<span class=\"elementor-post-date\">\n\t\t\t10. April 2023\t\t<\/span>\n\t\t\t\t<\/div>\n\t\t\t\t<div class=\"elementor-post__excerpt\">\n\t\t\t<p>1. \u201eDie Arbeiter von Shinyhandles in China verdienen ein bis zu viermal niedrigeres Durchschnittsgehalt als in einigen anderen L\u00e4ndern, aber wir setzen uns weiterhin f\u00fcr eine faire Verg\u00fctung und qualitativ hochwertige Produkte ein.\u201c<\/p>\n\t\t<\/div>\n\t\t\t\t<\/div>\n\t\t\t\t<\/article>\n\t\t\t\t<\/div>\n\t\t\n\t\t\t\t<\/div>\n\t\t\t\t<\/div>\n\t\t\t\t\t<\/div>\n\t\t<\/div>\n\t\t\t\t\t<\/div>\n\t\t<\/section>\n\t\t\t\t\t<\/div>\n\t\t<\/div>\n\t\t\t\t<div class=\"elementor-column elementor-col-33 elementor-top-column elementor-element elementor-element-1219c9b1\" data-id=\"1219c9b1\" data-element_type=\"column\">\n\t\t\t<div class=\"elementor-widget-wrap elementor-element-populated\">\n\t\t\t\t\t\t<section class=\"elementor-section elementor-inner-section elementor-element elementor-element-12eedf2b elementor-section-boxed elementor-section-height-default elementor-section-height-default\" data-id=\"12eedf2b\" data-element_type=\"section\">\n\t\t\t\t\t\t<div class=\"elementor-container elementor-column-gap-default\">\n\t\t\t\t\t<div class=\"elementor-column elementor-col-100 elementor-inner-column elementor-element elementor-element-74cce38\" data-id=\"74cce38\" data-element_type=\"column\">\n\t\t\t<div class=\"elementor-widget-wrap elementor-element-populated\">\n\t\t\t\t\t\t<div class=\"elementor-element elementor-element-625474ea elementor-search-form--skin-classic elementor-search-form--button-type-icon elementor-search-form--icon-search elementor-widget elementor-widget-search-form\" data-id=\"625474ea\" data-element_type=\"widget\" data-settings=\"{&quot;skin&quot;:&quot;classic&quot;}\" data-widget_type=\"search-form.default\">\n\t\t\t\t<div class=\"elementor-widget-container\">\n\t\t\t<link rel=\"stylesheet\" href=\"https:\/\/shinyhandles.com\/wp-content\/plugins\/elementor-pro\/assets\/css\/widget-theme-elements.min.css\">\t\t<search role=\"search\">\n\t\t\t<form class=\"elementor-search-form\" action=\"https:\/\/shinyhandles.com\/de\" method=\"get\" data-trp-original-action=\"https:\/\/shinyhandles.com\/de\">\n\t\t\t\t\t\t\t\t\t\t\t\t<div class=\"elementor-search-form__container\">\n\t\t\t\t\t<label class=\"elementor-screen-only\" for=\"elementor-search-form-625474ea\">Suche<\/label>\n\n\t\t\t\t\t\n\t\t\t\t\t<input id=\"elementor-search-form-625474ea\" placeholder=\"\" class=\"elementor-search-form__input\" type=\"search\" name=\"s\" value=\"\">\n\t\t\t\t\t\n\t\t\t\t\t\t\t\t\t\t\t<button class=\"elementor-search-form__submit\" type=\"submit\" aria-label=\"Suche\">\n\t\t\t\t\t\t\t\t\t\t\t\t\t\t\t<div class=\"e-font-icon-svg-container\"><svg class=\"fa fa-search e-font-icon-svg e-fas-search\" viewbox=\"0 0 512 512\" xmlns=\"http:\/\/www.w3.org\/2000\/svg\"><path d=\"M505 442.7L405.3 343c-4.5-4.5-10.6-7-17-7H372c27.6-35.3 44-79.7 44-128C416 93.1 322.9 0 208 0S0 93.1 0 208s93.1 208 208 208c48.3 0 92.7-16.4 128-44v16.3c0 6.4 2.5 12.5 7 17l99.7 99.7c9.4 9.4 24.6 9.4 33.9 0l28.3-28.3c9.4-9.4 9.4-24.6.1-34zM208 336c-70.7 0-128-57.2-128-128 0-70.7 57.2-128 128-128 70.7 0 128 57.2 128 128 0 70.7-57.2 128-128 128z\"><\/path><\/svg><\/div>\t\t\t\t\t\t\t\t<span class=\"elementor-screen-only\">Suche<\/span>\n\t\t\t\t\t\t\t\t\t\t\t\t\t<\/button>\n\t\t\t\t\t\n\t\t\t\t\t\t\t\t\t<\/div>\n\t\t\t<input type=\"hidden\" name=\"trp-form-language\" value=\"de\"\/><\/form>\n\t\t<\/search>\n\t\t\t\t<\/div>\n\t\t\t\t<\/div>\n\t\t\t\t\t<\/div>\n\t\t<\/div>\n\t\t\t\t\t<\/div>\n\t\t<\/section>\n\t\t\t\t<section class=\"elementor-section elementor-inner-section elementor-element elementor-element-111c03a7 elementor-section-boxed elementor-section-height-default elementor-section-height-default\" data-id=\"111c03a7\" data-element_type=\"section\">\n\t\t\t\t\t\t<div class=\"elementor-container elementor-column-gap-default\">\n\t\t\t\t\t<div class=\"elementor-column elementor-col-50 elementor-inner-column elementor-element elementor-element-510ed4f8\" data-id=\"510ed4f8\" data-element_type=\"column\">\n\t\t\t<div class=\"elementor-widget-wrap elementor-element-populated\">\n\t\t\t\t\t\t<div class=\"elementor-element elementor-element-57921e3b elementor-widget elementor-widget-heading\" data-id=\"57921e3b\" data-element_type=\"widget\" data-widget_type=\"heading.default\">\n\t\t\t\t<div class=\"elementor-widget-container\">\n\t\t\t<style>\/*! elementor - v3.19.0 - 07-02-2024 *\/\n.elementor-heading-title{padding:0;margin:0;line-height:1}.elementor-widget-heading .elementor-heading-title[class*=elementor-size-]>a{color:inherit;font-size:inherit;line-height:inherit}.elementor-widget-heading .elementor-heading-title.elementor-size-small{font-size:15px}.elementor-widget-heading .elementor-heading-title.elementor-size-medium{font-size:19px}.elementor-widget-heading .elementor-heading-title.elementor-size-large{font-size:29px}.elementor-widget-heading .elementor-heading-title.elementor-size-xl{font-size:39px}.elementor-widget-heading .elementor-heading-title.elementor-size-xxl{font-size:59px}<\/style><h2 class=\"elementor-heading-title elementor-size-default\">Neuester Beitrag<\/h2>\t\t<\/div>\n\t\t\t\t<\/div>\n\t\t\t\t\t<\/div>\n\t\t<\/div>\n\t\t\t\t<div class=\"elementor-column elementor-col-50 elementor-inner-column elementor-element elementor-element-58abc8f4\" data-id=\"58abc8f4\" data-element_type=\"column\">\n\t\t\t<div class=\"elementor-widget-wrap\">\n\t\t\t\t\t\t\t<\/div>\n\t\t<\/div>\n\t\t\t\t\t<\/div>\n\t\t<\/section>\n\t\t\t\t<section class=\"elementor-section elementor-inner-section elementor-element elementor-element-7cb47f47 elementor-section-boxed elementor-section-height-default elementor-section-height-default\" data-id=\"7cb47f47\" data-element_type=\"section\">\n\t\t\t\t\t\t<div class=\"elementor-container elementor-column-gap-default\">\n\t\t\t\t\t<div class=\"elementor-column elementor-col-100 elementor-inner-column elementor-element elementor-element-6ea7ebd9\" data-id=\"6ea7ebd9\" data-element_type=\"column\">\n\t\t\t<div class=\"elementor-widget-wrap elementor-element-populated\">\n\t\t\t\t\t\t<div class=\"elementor-element elementor-element-c0ffc22 elementor-grid-1 elementor-grid-tablet-2 elementor-grid-mobile-1 elementor-posts--thumbnail-top elementor-widget elementor-widget-posts\" data-id=\"c0ffc22\" data-element_type=\"widget\" data-settings=\"{&quot;classic_columns&quot;:&quot;1&quot;,&quot;classic_columns_tablet&quot;:&quot;2&quot;,&quot;classic_columns_mobile&quot;:&quot;1&quot;,&quot;classic_row_gap&quot;:{&quot;unit&quot;:&quot;px&quot;,&quot;size&quot;:35,&quot;sizes&quot;:[]},&quot;classic_row_gap_tablet&quot;:{&quot;unit&quot;:&quot;px&quot;,&quot;size&quot;:&quot;&quot;,&quot;sizes&quot;:[]},&quot;classic_row_gap_mobile&quot;:{&quot;unit&quot;:&quot;px&quot;,&quot;size&quot;:&quot;&quot;,&quot;sizes&quot;:[]}}\" data-widget_type=\"posts.classic\">\n\t\t\t\t<div class=\"elementor-widget-container\">\n\t\t\t\t\t<div class=\"elementor-posts-container elementor-posts elementor-posts--skin-classic elementor-grid\">\n\t\t\t\t<article class=\"elementor-post elementor-grid-item post-4684 post type-post status-publish format-standard hentry category-blog\">\n\t\t\t\t<div class=\"elementor-post__text\">\n\t\t\t\t<h3 class=\"elementor-post__title\">\n\t\t\t<a href=\"https:\/\/shinyhandles.com\/de\/why-proguevibe\/\" >\n\t\t\t\tWarum \u201eProguevibe\u201c?\t\t\t<\/a>\n\t\t<\/h3>\n\t\t\t\t<div class=\"elementor-post__meta-data\">\n\t\t\t\t\t<span class=\"elementor-post-date\">\n\t\t\t14. Mai 2025\t\t<\/span>\n\t\t\t\t<\/div>\n\t\t\t\t<div class=\"elementor-post__excerpt\">\n\t\t\t<p>Wir haben diesen Namen gew\u00e4hlt, weil er sich weigert, nur eine Nachbildung der Geschichte zu sein. Wie eine Chiffre erinnert er die Nutzer daran: Bei echtem Retro geht es nie darum, die Vergangenheit zu imitieren, sondern<\/p>\n\t\t<\/div>\n\t\t\t\t<\/div>\n\t\t\t\t<\/article>\n\t\t\t\t<article class=\"elementor-post elementor-grid-item post-3049 post type-post status-publish format-standard has-post-thumbnail hentry category-blog\">\n\t\t\t\t<a class=\"elementor-post__thumbnail__link\" href=\"https:\/\/shinyhandles.com\/de\/ledergriffmarken\/\" tabindex=\"-1\" >\n\t\t\t<div class=\"elementor-post__thumbnail\"><img loading=\"lazy\" decoding=\"async\" width=\"955\" height=\"443\" src=\"https:\/\/shinyhandles.com\/wp-content\/uploads\/2023\/07\/Leather-Zinc-Alloy-Base-Handle-Art-Deco-Handle-3.7596mm-Kitchen-Handle-5.jpg\" class=\"attachment-full size-full wp-image-2717\" alt=\"\" title=\"\" srcset=\"https:\/\/shinyhandles.com\/wp-content\/uploads\/2023\/07\/Leather-Zinc-Alloy-Base-Handle-Art-Deco-Handle-3.7596mm-Kitchen-Handle-5.jpg 955w, https:\/\/shinyhandles.com\/wp-content\/uploads\/2023\/07\/Leather-Zinc-Alloy-Base-Handle-Art-Deco-Handle-3.7596mm-Kitchen-Handle-5-300x139.jpg 300w, https:\/\/shinyhandles.com\/wp-content\/uploads\/2023\/07\/Leather-Zinc-Alloy-Base-Handle-Art-Deco-Handle-3.7596mm-Kitchen-Handle-5-768x356.jpg 768w\" sizes=\"auto, (max-width: 955px) 100vw, 955px\" \/><\/div>\n\t\t<\/a>\n\t\t\t\t<div class=\"elementor-post__text\">\n\t\t\t\t<h3 class=\"elementor-post__title\">\n\t\t\t<a href=\"https:\/\/shinyhandles.com\/de\/ledergriffmarken\/\" >\n\t\t\t\t15 bekannte Marken f\u00fcr Ledergriffe im Jahr 2023\t\t\t<\/a>\n\t\t<\/h3>\n\t\t\t\t<div class=\"elementor-post__meta-data\">\n\t\t\t\t\t<span class=\"elementor-post-date\">\n\t\t\t4. September 2023\t\t<\/span>\n\t\t\t\t<\/div>\n\t\t\t\t<div class=\"elementor-post__excerpt\">\n\t\t\t<p>Inhaltsverzeichnis Griffe und Kn\u00f6pfe stehen oft im Widerspruch, und die Leute sind uneinig, welche Art von Hardware sie bevorzugen. Aber egal, welche Wahl Sie treffen, letztendlich werden weitere Entscheidungen getroffen<\/p>\n\t\t<\/div>\n\t\t\t\t<\/div>\n\t\t\t\t<\/article>\n\t\t\t\t<article class=\"elementor-post elementor-grid-item post-3040 post type-post status-publish format-standard has-post-thumbnail hentry category-blog\">\n\t\t\t\t<a class=\"elementor-post__thumbnail__link\" href=\"https:\/\/shinyhandles.com\/de\/interior-set-marken\/\" tabindex=\"-1\" >\n\t\t\t<div class=\"elementor-post__thumbnail\"><img loading=\"lazy\" decoding=\"async\" width=\"1067\" height=\"500\" src=\"https:\/\/shinyhandles.com\/wp-content\/uploads\/2023\/04\/Mortise-Lock-Set-for-Interior-Door-Door-Knob-with-Lock-and-Key-3.jpg\" class=\"attachment-full size-full wp-image-1220\" alt=\"\" title=\"\" srcset=\"https:\/\/shinyhandles.com\/wp-content\/uploads\/2023\/04\/Mortise-Lock-Set-for-Interior-Door-Door-Knob-with-Lock-and-Key-3.jpg 1067w, https:\/\/shinyhandles.com\/wp-content\/uploads\/2023\/04\/Mortise-Lock-Set-for-Interior-Door-Door-Knob-with-Lock-and-Key-3-300x141.jpg 300w, https:\/\/shinyhandles.com\/wp-content\/uploads\/2023\/04\/Mortise-Lock-Set-for-Interior-Door-Door-Knob-with-Lock-and-Key-3-1024x480.jpg 1024w, https:\/\/shinyhandles.com\/wp-content\/uploads\/2023\/04\/Mortise-Lock-Set-for-Interior-Door-Door-Knob-with-Lock-and-Key-3-768x360.jpg 768w\" sizes=\"auto, (max-width: 1067px) 100vw, 1067px\" \/><\/div>\n\t\t<\/a>\n\t\t\t\t<div class=\"elementor-post__text\">\n\t\t\t\t<h3 class=\"elementor-post__title\">\n\t\t\t<a href=\"https:\/\/shinyhandles.com\/de\/interior-set-marken\/\" >\n\t\t\t\t15 bekannte Innenausstattungsmarken im Jahr 2023\t\t\t<\/a>\n\t\t<\/h3>\n\t\t\t\t<div class=\"elementor-post__meta-data\">\n\t\t\t\t\t<span class=\"elementor-post-date\">\n\t\t\t4. September 2023\t\t<\/span>\n\t\t\t\t<\/div>\n\t\t\t\t<div class=\"elementor-post__excerpt\">\n\t\t\t<p>Inhaltsverzeichnis Innengarnituren sind eine besonders unterhaltsame Art von Beschl\u00e4gen, da sie am Ende alle (oder die meisten) T\u00fcren in Ihrem Inneren schm\u00fccken<\/p>\n\t\t<\/div>\n\t\t\t\t<\/div>\n\t\t\t\t<\/article>\n\t\t\t\t<\/div>\n\t\t\n\t\t\t\t<\/div>\n\t\t\t\t<\/div>\n\t\t\t\t\t<\/div>\n\t\t<\/div>\n\t\t\t\t\t<\/div>\n\t\t<\/section>\n\t\t\t\t\t<\/div>\n\t\t<\/div>\n\t\t\t\t\t<\/div>\n\t\t<\/section>\n\t\t\t\t<\/div>","protected":false},"excerpt":{"rendered":"<p>Neuester Beitrag<\/p>","protected":false},"author":1,"featured_media":0,"parent":0,"menu_order":0,"comment_status":"closed","ping_status":"closed","template":"elementor_header_footer","meta":{"footnotes":""},"class_list":["post-96","page","type-page","status-publish","hentry"],"blocksy_meta":"","_links":{"self":[{"href":"https:\/\/shinyhandles.com\/de\/wp-json\/wp\/v2\/pages\/96","targetHints":{"allow":["GET"]}}],"collection":[{"href":"https:\/\/shinyhandles.com\/de\/wp-json\/wp\/v2\/pages"}],"about":[{"href":"https:\/\/shinyhandles.com\/de\/wp-json\/wp\/v2\/types\/page"}],"author":[{"embeddable":true,"href":"https:\/\/shinyhandles.com\/de\/wp-json\/wp\/v2\/users\/1"}],"replies":[{"embeddable":true,"href":"https:\/\/shinyhandles.com\/de\/wp-json\/wp\/v2\/comments?post=96"}],"version-history":[{"count":23,"href":"https:\/\/shinyhandles.com\/de\/wp-json\/wp\/v2\/pages\/96\/revisions"}],"predecessor-version":[{"id":1506,"href":"https:\/\/shinyhandles.com\/de\/wp-json\/wp\/v2\/pages\/96\/revisions\/1506"}],"wp:attachment":[{"href":"https:\/\/shinyhandles.com\/de\/wp-json\/wp\/v2\/media?parent=96"}],"curies":[{"name":"wp","href":"https:\/\/api.w.org\/{rel}","templated":true}]}}